{"id":13,"date":"2024-02-20T17:58:56","date_gmt":"2024-02-20T17:58:56","guid":{"rendered":"https:\/\/painovapaudentalo.kasvisannos.fi\/?page_id=13"},"modified":"2024-02-20T20:39:33","modified_gmt":"2024-02-20T20:39:33","slug":"yhteystiedot-ja-sijainti","status":"publish","type":"page","link":"https:\/\/painovapaudentalo.kasvisannos.fi\/index.php\/yhteystiedot-ja-sijainti\/","title":{"rendered":"Yhteystiedot ja sijainti"},"content":{"rendered":"\n<p>Tilamme sijaitsevat Kokkolan Neristanissa:<br><em>Pormestarinkatu 5<br>67100 Kokkola<\/em><\/p>\n\n\n\n<p>Painovapauden talo on Graafisen kulttuuriperinn\u00f6n vaalijat ry:n yll\u00e4pit\u00e4m\u00e4.<\/p>\n\n\n\n<p><em>Yhteystiedot: Ulpu V\u00e4likangas \/ ulpu () valikangas.fi \/ puh. 0405162311<\/em><br><em>Sivujen yll\u00e4pito ja tekstit: Anita V\u00e4likangas \/ anita.valikangas () gmail.com <\/em><\/p>\n","protected":false},"excerpt":{"rendered":"<p>Tilamme sijaitsevat Kokkolan Neristanissa:Pormestarinkatu 567100 Kokkola Painovapauden talo on Graafisen kulttuuriperinn\u00f6n vaalijat ry:n yll\u00e4pit\u00e4m\u00e4. Yhteystiedot: Ulpu V\u00e4likangas \/ ulpu () valikangas.fi \/ puh. 0405162311Sivujen yll\u00e4pito ja tekstit: Anita V\u00e4likangas \/ anita.valikangas () gmail.com<\/p>\n","protected":false},"author":1,"featured_media":38,"parent":0,"menu_order":10,"comment_status":"closed","ping_status":"closed","template":"","meta":{"footnotes":""},"_links":{"self":[{"href":"https:\/\/painovapaudentalo.kasvisannos.fi\/index.php\/wp-json\/wp\/v2\/pages\/13"}],"collection":[{"href":"https:\/\/painovapaudentalo.kasvisannos.fi\/index.php\/wp-json\/wp\/v2\/pages"}],"about":[{"href":"https:\/\/painovapaudentalo.kasvisannos.fi\/index.php\/wp-json\/wp\/v2\/types\/page"}],"author":[{"embeddable":true,"href":"https:\/\/painovapaudentalo.kasvisannos.fi\/index.php\/wp-json\/wp\/v2\/users\/1"}],"replies":[{"embeddable":true,"href":"https:\/\/painovapaudentalo.kasvisannos.fi\/index.php\/wp-json\/wp\/v2\/comments?post=13"}],"version-history":[{"count":3,"href":"https:\/\/painovapaudentalo.kasvisannos.fi\/index.php\/wp-json\/wp\/v2\/pages\/13\/revisions"}],"predecessor-version":[{"id":51,"href":"https:\/\/painovapaudentalo.kasvisannos.fi\/index.php\/wp-json\/wp\/v2\/pages\/13\/revisions\/51"}],"wp:featuredmedia":[{"embeddable":true,"href":"https:\/\/painovapaudentalo.kasvisannos.fi\/index.php\/wp-json\/wp\/v2\/media\/38"}],"wp:attachment":[{"href":"https:\/\/painovapaudentalo.kasvisannos.fi\/index.php\/wp-json\/wp\/v2\/media?parent=13"}],"curies":[{"name":"wp","href":"https:\/\/api.w.org\/{rel}","templated":true}]}}