{"id":15,"date":"2024-02-20T18:18:31","date_gmt":"2024-02-20T18:18:31","guid":{"rendered":"https:\/\/painovapaudentalo.kasvisannos.fi\/?page_id=15"},"modified":"2024-02-20T20:31:23","modified_gmt":"2024-02-20T20:31:23","slug":"kokoelmasta","status":"publish","type":"page","link":"https:\/\/painovapaudentalo.kasvisannos.fi\/index.php\/kokoelmasta\/","title":{"rendered":"Kokoelmasta"},"content":{"rendered":"\n<p>Esittelemme kirjapainamisen historiaa erityisesti ajalta ennen s\u00e4hk\u00f6jen tuloa. Tiloissamme on seuraavaa v\u00e4lineist\u00f6\u00e4:  <\/p>\n\n\n\n<ul>\n<li><strong>Eickhoff-vedospr\u00e4ssi.<\/strong> K\u00e4sik\u00e4ytt\u00f6inen painokone 1920-luvulta. K\u00e4yt\u00e4mme sit\u00e4 erityisesti suurempien painotuotteiden, kuten julisteiden, painamiseen.<\/li>\n\n\n\n<li><strong>Puukirjasimia.<\/strong> Meill\u00e4 on kokoelmissamme paljon eri kokoisia ja tyylisi\u00e4 puukirjasimia, joilla saa aikaan hyvin el\u00e4v\u00e4n pinnan. Pistekoot 24-72. <\/li>\n\n\n\n<li><strong>Metallikirjasimia<\/strong>. Jos tekstin haluttu pistekoko on alle 24, se painetaan metallikirjasimilla.   <\/li>\n\n\n\n<li><strong>K\u00e4sinyk\u00e4isimi\u00e4.<\/strong> K\u00e4sinyk\u00e4isimet ovat hyvin pieni\u00e4 painokoneita, jotka ovat toimineet alkusys\u00e4yksen\u00e4 monelle suomalaiselle kirjapainolle. Nykyisin niill\u00e4 voidaan painaa yksil\u00f6llisi\u00e4 k\u00e4ynti- tai kutsukortteja.    <\/li>\n\n\n\n<li><strong>Heidelberg Tiegel<\/strong> -painokone. T\u00e4ll\u00e4 hetkell\u00e4 pid\u00e4mme tiloissamme my\u00f6s s\u00e4hk\u00f6ll\u00e4 toimivaa tiikelipainokonetta, joka oli monien suomalaisten kirjapainojen ty\u00f6juhta 1940-1990 -luvuilla.     <\/li>\n<\/ul>\n\n\n\n<figure class=\"wp-block-image size-full is-resized\"><img loading=\"lazy\" decoding=\"async\" width=\"750\" height=\"1000\" src=\"https:\/\/painovapaudentalo.kasvisannos.fi\/wp-content\/uploads\/2024\/02\/nykaisin.jpg\" alt=\"\" class=\"wp-image-40\" style=\"width:300px\" srcset=\"https:\/\/painovapaudentalo.kasvisannos.fi\/wp-content\/uploads\/2024\/02\/nykaisin.jpg 750w, https:\/\/painovapaudentalo.kasvisannos.fi\/wp-content\/uploads\/2024\/02\/nykaisin-225x300.jpg 225w\" sizes=\"(max-width: 750px) 100vw, 750px\" \/><\/figure>\n\n\n\n<p><em>K\u00e4sinyk\u00e4isin<\/em><\/p>\n\n\n\n<p>Kokoelmamme painokoneet ja v\u00e4lineist\u00f6n on ker\u00e4nnyt kirjapainoyritt\u00e4j\u00e4 <strong>Antti V\u00e4likangas. <\/strong>Antti on ker\u00e4nnyt painokoneet 1980-2000 -lukujen aikana, jolloin monet suomalaiset kirjapainot siirtyiv\u00e4t kohopainamisesta offset- ja digipainoaikaan. <\/p>\n\n\n\n<p>Kohopainamisella on hyvin pitk\u00e4 historia: painotekniikka on ollut k\u00e4yt\u00f6ss\u00e4 Johan Gutenbergin ajoista l\u00e4htien, satojen vuosien ajan. Tavoitteemme on pit\u00e4\u00e4 t\u00e4t\u00e4 kulttuuriperint\u00f6\u00e4 el\u00e4v\u00e4n\u00e4 ja tarjota k\u00e4vij\u00f6ille mahdollisuuden kokea ja seurata l\u00e4helt\u00e4, miten tietoa aiemmin tuotettiin ja v\u00e4litettiin. <\/p>\n","protected":false},"excerpt":{"rendered":"<p>Esittelemme kirjapainamisen historiaa erityisesti ajalta ennen s\u00e4hk\u00f6jen tuloa. Tiloissamme on seuraavaa v\u00e4lineist\u00f6\u00e4: K\u00e4sinyk\u00e4isin Kokoelmamme painokoneet ja v\u00e4lineist\u00f6n on ker\u00e4nnyt kirjapainoyritt\u00e4j\u00e4 Antti V\u00e4likangas. Antti on ker\u00e4nnyt painokoneet 1980-2000 -lukujen aikana, jolloin monet suomalaiset kirjapainot siirtyiv\u00e4t kohopainamisesta offset- ja digipainoaikaan. Kohopainamisella on hyvin pitk\u00e4 historia: painotekniikka on ollut k\u00e4yt\u00f6ss\u00e4 Johan Gutenbergin ajoista l\u00e4htien, satojen vuosien ajan. Tavoitteemme on pit\u00e4\u00e4 t\u00e4t\u00e4 kulttuuriperint\u00f6\u00e4 el\u00e4v\u00e4n\u00e4 ja tarjota k\u00e4vij\u00f6ille mahdollisuuden kokea ja seurata l\u00e4helt\u00e4, miten tietoa aiemmin tuotettiin ja v\u00e4litettiin.<\/p>\n","protected":false},"author":1,"featured_media":37,"parent":0,"menu_order":2,"comment_status":"closed","ping_status":"closed","template":"","meta":{"footnotes":""},"_links":{"self":[{"href":"https:\/\/painovapaudentalo.kasvisannos.fi\/index.php\/wp-json\/wp\/v2\/pages\/15"}],"collection":[{"href":"https:\/\/painovapaudentalo.kasvisannos.fi\/index.php\/wp-json\/wp\/v2\/pages"}],"about":[{"href":"https:\/\/painovapaudentalo.kasvisannos.fi\/index.php\/wp-json\/wp\/v2\/types\/page"}],"author":[{"embeddable":true,"href":"https:\/\/painovapaudentalo.kasvisannos.fi\/index.php\/wp-json\/wp\/v2\/users\/1"}],"replies":[{"embeddable":true,"href":"https:\/\/painovapaudentalo.kasvisannos.fi\/index.php\/wp-json\/wp\/v2\/comments?post=15"}],"version-history":[{"count":4,"href":"https:\/\/painovapaudentalo.kasvisannos.fi\/index.php\/wp-json\/wp\/v2\/pages\/15\/revisions"}],"predecessor-version":[{"id":47,"href":"https:\/\/painovapaudentalo.kasvisannos.fi\/index.php\/wp-json\/wp\/v2\/pages\/15\/revisions\/47"}],"wp:featuredmedia":[{"embeddable":true,"href":"https:\/\/painovapaudentalo.kasvisannos.fi\/index.php\/wp-json\/wp\/v2\/media\/37"}],"wp:attachment":[{"href":"https:\/\/painovapaudentalo.kasvisannos.fi\/index.php\/wp-json\/wp\/v2\/media?parent=15"}],"curies":[{"name":"wp","href":"https:\/\/api.w.org\/{rel}","templated":true}]}}