{"id":20,"date":"2024-02-20T18:25:17","date_gmt":"2024-02-20T18:25:17","guid":{"rendered":"https:\/\/painovapaudentalo.kasvisannos.fi\/?page_id=20"},"modified":"2024-02-20T20:54:13","modified_gmt":"2024-02-20T20:54:13","slug":"chydenius-ja-painovapausasetus","status":"publish","type":"page","link":"https:\/\/painovapaudentalo.kasvisannos.fi\/index.php\/chydenius-ja-painovapausasetus\/","title":{"rendered":"Chydenius ja painovapausasetus"},"content":{"rendered":"\n<figure class=\"wp-block-image size-full\"><img loading=\"lazy\" decoding=\"async\" width=\"278\" height=\"354\" src=\"https:\/\/painovapaudentalo.kasvisannos.fi\/wp-content\/uploads\/2024\/02\/Chydenius.jpg\" alt=\"\" class=\"wp-image-49\" srcset=\"https:\/\/painovapaudentalo.kasvisannos.fi\/wp-content\/uploads\/2024\/02\/Chydenius.jpg 278w, https:\/\/painovapaudentalo.kasvisannos.fi\/wp-content\/uploads\/2024\/02\/Chydenius-236x300.jpg 236w\" sizes=\"(max-width: 278px) 100vw, 278px\" \/><\/figure>\n\n\n\n<p>Kokkolassa sijaitseva kokoelmamme kunnioittaa Kokkolan kirkkoherrana toimineen Anders Chydeniuksen perint\u00f6\u00e4. <strong>Anders Chydenius<\/strong> (1729-1803) ty\u00f6skenteli aktiivisesti Ruotsin valtakunnassa vuonna 1766 s\u00e4\u00e4detyn painovapausasetuksen eteen. Sen mukaan kansalaisilla on oikeus ilmaista omia ajatuksiaan painotuotteessa ilman viranomaisen lupaa tai ennakkotarkastusta. Mahdollisuus valtaapit\u00e4vien arvosteluun mahdollisti yhteiskunnallisen keskustelun. Sen avulla tiedot Tukholman tapahtumista saattoivat v\u00e4litty\u00e4 Suomeen asti. <\/p>\n\n\n\n<p>Ainutlaatuisen edistyksellinen asetus vapautti ennakkosensuurista kaikki tekstit, lukuun ottamatta uskonnollisia ja ulkomaalaisia tekstej\u00e4. Se toimi nykyisen julkisuuslain ensiaskeleena s\u00e4\u00e4t\u00e4ess\u00e4\u00e4n, ett\u00e4 hallinnon ja oikeuslaitoksen asiakirjat olivat l\u00e4ht\u00f6kohtaisesti kansalaisten k\u00e4ytett\u00e4viss\u00e4. <\/p>\n\n\n\n<p>Ruotsin vuoden 1766 painovapausasetukselle my\u00f6nnettiin Unescon aineettoman maailmanperint\u00f6kohteen status vuonna 2023. Jonas Nordin esittelee <a href=\"https:\/\/lucris.lub.lu.se\/ws\/portalfiles\/portal\/159022995\/The_Swedish_Freedom_of_the_Press_Ordinance_of_1766.pdf\">t\u00e4ss\u00e4<\/a> tekstiss\u00e4 painovapausasetuksen taustalla olevaa historiaa ja asetuksen merkityst\u00e4. <\/p>\n\n\n\n<blockquote class=\"wp-block-quote\">\n<p><em>Ei ole tarpeen todistaa, ett\u00e4 kohtuullinen kirjoitus- ja painovapaus on vahvimpia tukipilareita, joille vapaa hallinto voi perustaa olemassaolonsa. Muuten s\u00e4\u00e4dyill\u00e4 ei koskaan voi olla hyvien lakien s\u00e4\u00e4t\u00e4miseksi tarvittavaa tietoa, laink\u00e4ytt\u00e4jill\u00e4 ei mit\u00e4\u00e4n valvontaa, kuinka he noudattavat niit\u00e4 viroissaan, eiv\u00e4tk\u00e4 alamaiset voi tiet\u00e4\u00e4 paljoakaan lain vaatimuksista, virkamiesvallan rajoista ja omista velvollisuuksistaan.<\/em><\/p>\n<cite>Anders Chydenius <\/cite><\/blockquote>\n\n\n\n<p>Voit tutustua Chydeniuksen laatimaan painovapausasetukseen <a href=\"https:\/\/kootutteokset.chydenius.fi\/kirjoitukset\/betankande-om-tryckfriheten-1766\/?hilite=painovapaus\">t\u00e4\u00e4lt\u00e4<\/a>.<\/p>\n\n\n\n<p>Anders Chydenius pyrki vaikuttamaan ymp\u00e4rist\u00f6\u00f6ns\u00e4 monin eri tavoin. H\u00e4n kirjoitti taloudesta ja kaupank\u00e4ynnist\u00e4, ja edisti n\u00e4it\u00e4 asioita my\u00f6s toimiessaan Ruotsin valtiop\u00e4ivill\u00e4 vuosina 1765-1766. My\u00f6hemmin Kokkolan kirkkoherrana toimiessaan Chydenius ty\u00f6skenteli esimerkiksi rokottamisen ja perunanviljelyn edist\u00e4miseksi sek\u00e4 puolusti uskonnonvapautta. 1800-luvun alussa Chydenius oli my\u00f6s mukana perustamassa Kokkolan lukuseuraa, joka toimi my\u00f6hemmin pohjana Kokkolan kirjastolle. <\/p>\n\n\n\n<p>Painamisen ja ajattelun vapaus oli Chydeniukselle syd\u00e4men asia. Omassa el\u00e4m\u00e4nkerrassaan h\u00e4n nimesi painovapausasetuksen edist\u00e4misen yhdeksi el\u00e4m\u00e4ns\u00e4 t\u00e4rkeimmist\u00e4 saavutuksista. <\/p>\n","protected":false},"excerpt":{"rendered":"<p>Kokkolassa sijaitseva kokoelmamme kunnioittaa Kokkolan kirkkoherrana toimineen Anders Chydeniuksen perint\u00f6\u00e4. Anders Chydenius (1729-1803) ty\u00f6skenteli aktiivisesti Ruotsin valtakunnassa vuonna 1766 s\u00e4\u00e4detyn painovapausasetuksen eteen. Sen mukaan kansalaisilla on oikeus ilmaista omia ajatuksiaan painotuotteessa ilman viranomaisen lupaa tai ennakkotarkastusta. Mahdollisuus valtaapit\u00e4vien arvosteluun mahdollisti yhteiskunnallisen keskustelun. Sen avulla tiedot Tukholman tapahtumista saattoivat v\u00e4litty\u00e4 Suomeen asti. Ainutlaatuisen edistyksellinen asetus vapautti ennakkosensuurista kaikki tekstit, lukuun ottamatta uskonnollisia ja ulkomaalaisia tekstej\u00e4. Se toimi nykyisen julkisuuslain ensiaskeleena s\u00e4\u00e4t\u00e4ess\u00e4\u00e4n, ett\u00e4 hallinnon ja oikeuslaitoksen asiakirjat olivat l\u00e4ht\u00f6kohtaisesti kansalaisten k\u00e4ytett\u00e4viss\u00e4. Ruotsin vuoden 1766 painovapausasetukselle my\u00f6nnettiin Unescon aineettoman maailmanperint\u00f6kohteen status vuonna 2023. Jonas Nordin esittelee t\u00e4ss\u00e4 tekstiss\u00e4 painovapausasetuksen taustalla olevaa historiaa ja asetuksen merkityst\u00e4. Ei ole tarpeen todistaa, ett\u00e4 kohtuullinen kirjoitus- ja painovapaus on vahvimpia tukipilareita, joille vapaa hallinto voi perustaa olemassaolonsa. Muuten s\u00e4\u00e4dyill\u00e4 ei koskaan voi olla hyvien lakien s\u00e4\u00e4t\u00e4miseksi tarvittavaa tietoa, laink\u00e4ytt\u00e4jill\u00e4 ei mit\u00e4\u00e4n valvontaa, kuinka he noudattavat niit\u00e4 viroissaan, eiv\u00e4tk\u00e4 alamaiset voi tiet\u00e4\u00e4 paljoakaan lain vaatimuksista, virkamiesvallan rajoista ja&hellip;<\/p>\n<p> <a class=\"more-link\" href=\"https:\/\/painovapaudentalo.kasvisannos.fi\/index.php\/chydenius-ja-painovapausasetus\/\">Lue Lis\u00e4\u00e4<\/a><\/p>\n","protected":false},"author":1,"featured_media":39,"parent":0,"menu_order":7,"comment_status":"closed","ping_status":"closed","template":"","meta":{"footnotes":""},"_links":{"self":[{"href":"https:\/\/painovapaudentalo.kasvisannos.fi\/index.php\/wp-json\/wp\/v2\/pages\/20"}],"collection":[{"href":"https:\/\/painovapaudentalo.kasvisannos.fi\/index.php\/wp-json\/wp\/v2\/pages"}],"about":[{"href":"https:\/\/painovapaudentalo.kasvisannos.fi\/index.php\/wp-json\/wp\/v2\/types\/page"}],"author":[{"embeddable":true,"href":"https:\/\/painovapaudentalo.kasvisannos.fi\/index.php\/wp-json\/wp\/v2\/users\/1"}],"replies":[{"embeddable":true,"href":"https:\/\/painovapaudentalo.kasvisannos.fi\/index.php\/wp-json\/wp\/v2\/comments?post=20"}],"version-history":[{"count":16,"href":"https:\/\/painovapaudentalo.kasvisannos.fi\/index.php\/wp-json\/wp\/v2\/pages\/20\/revisions"}],"predecessor-version":[{"id":59,"href":"https:\/\/painovapaudentalo.kasvisannos.fi\/index.php\/wp-json\/wp\/v2\/pages\/20\/revisions\/59"}],"wp:featuredmedia":[{"embeddable":true,"href":"https:\/\/painovapaudentalo.kasvisannos.fi\/index.php\/wp-json\/wp\/v2\/media\/39"}],"wp:attachment":[{"href":"https:\/\/painovapaudentalo.kasvisannos.fi\/index.php\/wp-json\/wp\/v2\/media?parent=20"}],"curies":[{"name":"wp","href":"https:\/\/api.w.org\/{rel}","templated":true}]}}